{"id":412,"date":"2025-07-20T13:55:21","date_gmt":"2025-07-20T11:55:21","guid":{"rendered":"https:\/\/bcdd.uk\/?page_id=412"},"modified":"2025-07-20T14:50:06","modified_gmt":"2025-07-20T12:50:06","slug":"politica-de-cookies","status":"publish","type":"page","link":"https:\/\/jonstours.com\/es\/politica-de-cookies\/","title":{"rendered":"Pol\u00edtica de Cookies"},"content":{"rendered":"<p><strong>\u00bfQU\u00c9 SON LAS COOKIES?<\/strong><\/p>\n\n\n\n<p>Las cookies son archivos que las p\u00e1ginas web almacenan en el navegador del usuario que las visita, necesarios para aportar a la navegaci\u00f3n web ventajas en la prestaci\u00f3n de servicios interactivos.<\/p>\n\n\n\n<p><strong>Tipos posibles de cookies<\/strong><\/p>\n\n\n\n<p><strong>Cookies de sesi\u00f3n:<\/strong> Son un tipo de cookies dise\u00f1adas para recabar y almacenar datos mientras el usuario accede a una p\u00e1gina web, y no queda registrada en el disco del usuario.<\/p>\n\n\n\n<p><strong>Cookies persistentes:<\/strong> Son un tipo de cookies en el que los datos siguen almacenados en el terminal y pueden ser accedidos y tratados durante un periodo definido por el responsable de la cookie, y que puede ir de unos minutos a varios a\u00f1os.<\/p>\n\n\n\n<p>Las cookies tambi\u00e9n pueden ser:<\/p>\n\n\n\n<p><strong>Propias:<\/strong> son cookies generadas por la propia p\u00e1gina web que se est\u00e1 visitando.<\/p>\n\n\n\n<p><strong>De terceros:<\/strong> son cookies que se reciben al navegar por esa p\u00e1gina web, pero que han sido generadas por un tercer servicio que se encuentra alojado en ella.<\/p>\n\n\n\n<p><strong>Fines de las cookies<\/strong><\/p>\n\n\n\n<p><strong>Fines t\u00e9cnicos:<\/strong> Son necesarias para el funcionamiento de la p\u00e1gina web. Son las denominadas tambi\u00e9n estrictamente necesarias. Hacen posible el control de tr\u00e1fico desde el servidor a m\u00faltiples usuarios a la vez, la identificaci\u00f3n y el acceso como usuario del sistema, etc.<\/p>\n\n\n\n<p><strong>Personalizaci\u00f3n:<\/strong> Hacen posible que cada usuario pueda configurar aspectos como el lenguaje en el que desea ver la p\u00e1gina web o la configuraci\u00f3n regional.<\/p>\n\n\n\n<p><strong>An\u00e1lisis o rendimiento:<\/strong> Permiten medir el n\u00famero de visitas y criterios de navegaci\u00f3n de diferentes \u00e1reas de la web de forma an\u00f3nima.<\/p>\n\n\n\n<p><strong>Publicidad:<\/strong> Permiten implementar par\u00e1metros de eficiencia en la publicidad ofrecida en las p\u00e1ginas web.<\/p>\n\n\n\n<p><strong>Publicidad comportamental:<\/strong> Permiten implementar par\u00e1metros de eficiencia en la publicidad ofrecida en las p\u00e1ginas web, basados en informaci\u00f3n sobre el comportamiento de los usuarios<\/p>\n\n\n\n<p><strong>Uso de Cookies<\/strong><\/p>\n\n\n\n<p>Seg\u00fan se recoge en el art\u00edculo 22.2 de la LSSI (Ley 34\/2002, de Servicios de la Sociedad de la Informaci\u00f3n y el Comercio Electr\u00f3nico, les informamos que utilizamos cookies para facilitar el uso de nuestra p\u00e1gina web y de esta manera poder mejorar consecuentemente el proceso de navegaci\u00f3n.<\/p>\n\n\n\n<p>Las cookies que utilizamos no almacenan dato personal alguno, ni ning\u00fan tipo de informaci\u00f3n que pueda identificarle. En caso de no querer recibir cookies, por favor configure su navegador de Internet para que las borre del disco duro de su ordenador, las bloquee o le avise en caso de instalaci\u00f3n de las mismas. Para continuar sin cambios en la configuraci\u00f3n de las cookies, simplemente contin\u00fae en la p\u00e1gina web.<\/p>\n\n\n\n<p>Los tipos de cookies que utilizamos son:<\/p>\n\n\n\n<p><strong>Cookies estrictamente necesarias:<\/strong><\/p>\n\n\n\n<p>Estas cookies son necesarias para el correcto uso de la p\u00e1gina web, permitiendo el acceso a secciones que cuentan con filtros de seguridad. Sin estas cookies, muchos de los servicios disponibles no estar\u00edan operativos.<\/p>\n\n\n\n<p><strong>Cookies de navegaci\u00f3n:<\/strong><\/p>\n\n\n\n<p>Estas cookies recogen informaci\u00f3n sobre el uso que las visitas hacen de la web, por ejemplo p\u00e1ginas vistas, errores de carga... Es informaci\u00f3n gen\u00e9rica y an\u00f3nima, donde no se incluyen datos personales, ni se recoge informaci\u00f3n que identifique a los visitantes; siendo el objetivo \u00faltimo mejorar el funcionamiento de la web. Al visitar nuestra p\u00e1gina web, acepta la instalaci\u00f3n de estas cookies en su dispositivo.<\/p>\n\n\n\n<p><strong>Cookies Funcionales:<\/strong><\/p>\n\n\n\n<p>Estas cookies permiten recordar informaci\u00f3n (como su nombre de usuario, idioma o la regi\u00f3n en la que se encuentra) y caracter\u00edsticas m\u00e1s personales. Por ejemplo, la posibilidad de ofrecer contenido personalizado basado en la informaci\u00f3n y criterios que hayas proporcionado voluntariamente. Estas cookies tambi\u00e9n pueden utilizarse para recordar los cambios realizados en el tama\u00f1o del texto, fuentes y otras partes personalizables de la p\u00e1gina web. Tambi\u00e9n se utilizan para ofrecer algunos servicios solicitados, como ver un video o comentar en un blog. La informaci\u00f3n que recopilan estas cookies puede ser an\u00f3nima y no podr\u00e1 ser seguida su actividad en otras p\u00e1ginas web. Al visitar nuestra p\u00e1gina web, aceptas la instalaci\u00f3n de estas cookies en tu dispositivo.<\/p>\n\n\n\n<p><strong>C\u00f3mo desinstalar cookies<\/strong><\/p>\n\n\n\n<p>Si quieres borrar de tu navegador las cookies registradas por <a href=\"https:\/\/jonstours.com\/es\/\">https:\/\/jonstours.com\/<\/a> , aqu\u00ed tienes instrucciones para distintos navegadores:<\/p>\n\n\n\n<p><strong>Internet Explorer:<\/strong> <a href=\"http:\/\/windows.microsoft.com\/es-es\/internet-explorer\/delete-manage-cookies\" target=\"_blank\" rel=\"noopener\">http:\/\/windows.microsoft.com\/es-es\/internet-explorer\/delete-manage-cookies<\/a><\/p>\n\n\n\n<p><strong>Google Chrome:<\/strong> <a href=\"https:\/\/support.google.com\/chrome\/answer\/95647\" target=\"_blank\" rel=\"noopener\">https:\/\/support.google.com\/chrome\/answer\/95647<\/a><\/p>\n\n\n\n<p><strong>Firefox:<\/strong> <a href=\"http:\/\/support.mozilla.org\/kb\/delete-cookies-remove-info-websites-stored\" target=\"_blank\" rel=\"noopener\">http:\/\/support.mozilla.org\/kb\/delete-cookies-remove-info-websites-stored<\/a><\/p>\n\n\n\n<p><strong>Safari:<\/strong> <a href=\"http:\/\/support.apple.com\/kb\/ph11920\" target=\"_blank\" rel=\"noopener\">http:\/\/support.apple.com\/kb\/ph11920<\/a> (en ingl\u00e9s)<\/p>\n\n\n\n<ol class=\"wp-block-list\">\n<li>Entra al men\u00fa Safari &gt; Preferencias<\/li>\n\n\n\n<li>En la secci\u00f3n Privacidad, pulsa el bot\u00f3n Detalles<\/li>\n\n\n\n<li>Selecciona el sitio web que almacena cookies y pulsa Eliminar, o pulsa Eliminar Todos para borrar todas las cookies<\/li>\n<\/ol>\n\n\n\n<p><\/p>","protected":false},"excerpt":{"rendered":"<p>\u00bfQU\u00c9 SON LAS COOKIES? Las cookies son archivos que las p\u00e1ginas web almacenan en el navegador del usuario que las visita, necesarias&nbsp; para aportar a la navegaci\u00f3n web ventajas en la prestaci\u00f3n de servicios interactivos. Tipos posibles de cookies Cookies de sesi\u00f3n: Son un tipo de cookies dise\u00f1adas para recabar y almacenar datos mientras el [&hellip;]<\/p>\n","protected":false},"author":1,"featured_media":0,"parent":0,"menu_order":0,"comment_status":"closed","ping_status":"closed","template":"","meta":{"footnotes":""},"class_list":["post-412","page","type-page","status-publish","hentry"],"jetpack_sharing_enabled":true,"_links":{"self":[{"href":"https:\/\/jonstours.com\/es\/wp-json\/wp\/v2\/pages\/412","targetHints":{"allow":["GET"]}}],"collection":[{"href":"https:\/\/jonstours.com\/es\/wp-json\/wp\/v2\/pages"}],"about":[{"href":"https:\/\/jonstours.com\/es\/wp-json\/wp\/v2\/types\/page"}],"author":[{"embeddable":true,"href":"https:\/\/jonstours.com\/es\/wp-json\/wp\/v2\/users\/1"}],"replies":[{"embeddable":true,"href":"https:\/\/jonstours.com\/es\/wp-json\/wp\/v2\/comments?post=412"}],"version-history":[{"count":1,"href":"https:\/\/jonstours.com\/es\/wp-json\/wp\/v2\/pages\/412\/revisions"}],"predecessor-version":[{"id":413,"href":"https:\/\/jonstours.com\/es\/wp-json\/wp\/v2\/pages\/412\/revisions\/413"}],"wp:attachment":[{"href":"https:\/\/jonstours.com\/es\/wp-json\/wp\/v2\/media?parent=412"}],"curies":[{"name":"wp","href":"https:\/\/api.w.org\/{rel}","templated":true}]}}