{"id":408,"date":"2025-07-20T13:51:36","date_gmt":"2025-07-20T11:51:36","guid":{"rendered":"https:\/\/bcdd.uk\/?page_id=408"},"modified":"2025-07-20T16:02:49","modified_gmt":"2025-07-20T14:02:49","slug":"politica-de-privacidad","status":"publish","type":"page","link":"https:\/\/jonstours.com\/es\/es\/politica-de-privacidad\/","title":{"rendered":"Pol\u00edtica de privacidad"},"content":{"rendered":"<p>En cumplimiento de lo establecido en el Reglamento Europeo de Protecci\u00f3n de Datos (RGPD) 679\/2016, y la introducci\u00f3n de la nueva Ley Org\u00e1nica de Protecci\u00f3n de Datos Personales y la Garant\u00eda de los Derechos Digitales (LOPDGDD) 3\/2018, te informamos que en JON'S TOURS trabajamos cada d\u00eda para ofrecerte las mejores ofertas en viajes y productos tur\u00edsticos en general. Para conseguirlo necesitamos recabar informaci\u00f3n de nuestros usuarios. Si tienes cualquier pregunta sobre tu privacidad puedes ponerte en contacto con nosotros mediante correo electr\u00f3nico a info@jonstours.com<\/p>\n\n\n\n<p><strong>INFORMACI\u00d3N B\u00c1SICA SOBRE PROTECCI\u00d3N DE DATOS<\/strong><br><strong>Responsable del tratamiento: <\/strong>Jon Iveson<\/p>\n\n\n\n<p><strong>Finalidad del tratamiento: <\/strong>Reserva de viajes y publicidad<\/p>\n\n\n\n<p><strong>Legitimaci\u00f3n del tratamiento: <\/strong>Gesti\u00f3n de la relaci\u00f3n con los clientes<\/p>\n\n\n\n<p><strong>Destinatarios: <\/strong>Tus datos podr\u00e1n ser comunicados a algunos proveedores que nos prestan servicios, la empresa se compromete a firmar un acuerdo con ellos por el que se obligan a cumplir con la normativa europea de privacidad de datos.<\/p>\n\n\n\n<p><strong>Derechos: <\/strong>Nuestros usuarios tienen derecho a acceder, rectificar y suprimir sus datos, as\u00ed como otros derechos como se explica en la informaci\u00f3n adicional.<\/p>\n\n\n\n<p><strong>INFORMACI\u00d3N ADICIONAL SOBRE PROTECCI\u00d3N DE DATOS<\/strong><\/p>\n\n\n\n<p><strong>1. RESPONSABLE<\/strong><\/p>\n\n\n\n<p><strong>Nombre: <\/strong>Jon Iveson<\/p>\n\n\n\n<p><strong>NIF: <\/strong>Y0259436X<\/p>\n\n\n\n<p><strong>Direcci\u00f3n: <\/strong>C\/ Jeroni de Monsoriu, n\u00ba 88 - 5\u00ba 10, 46022 Valencia<\/p>\n\n\n\n<p><strong>Correo electr\u00f3nico: <\/strong>info@jonstours.com<\/p>\n\n\n\n<p><strong>2. FINALIDAD DEL TRATAMIENTO<\/strong><\/p>\n\n\n\n<p>Los datos de los usuarios que recopilamos son los estrictamente necesarios para llevar a cabo nuestra actividad de venta de viajes y productos tur\u00edsticos en general. Para poder llevar a cabo nuestra funci\u00f3n necesitamos recopilar los datos de contacto necesarios. Para mayor claridad, te informamos que la actividad incluye las siguientes acciones: presentaci\u00f3n, propuesta, reserva y facturaci\u00f3n del viaje o producto tur\u00edstico solicitado.<\/p>\n\n\n\n<p>Nuestros usuarios nos facilitan de manera voluntaria sus datos mediante el registro en nuestra p\u00e1gina web, a trav\u00e9s de nuestra aplicaci\u00f3n, mediante una llamada telef\u00f3nica o en aquellas otras p\u00e1ginas web o aplicaciones de m\u00f3vil que alberguen nuestros servicios.<\/p>\n\n\n\n<p>Trataremos tus datos para la prestaci\u00f3n de nuestros servicios como agencia de viajes. Esto significa que trataremos tus datos para identificarte y poder realizarte propuestas personalizadas, para poder atender las consultas o solicitudes que nos hagas y para asistirte en lo que necesites durante todo el tiempo en que seamos tu agencia de viajes.<\/p>\n\n\n\n<p>En ning\u00fan caso llevaremos a cabo decisiones automatizadas sin intervenci\u00f3n humana, salvo que lo autorices expresamente.<\/p>\n\n\n\n<p><strong>3. LEGITIMACI\u00d3N DEL TRATAMIENTO<\/strong><\/p>\n\n\n\n<p>Tus datos son tratados para atender a tu solicitud en base al consentimiento que nos has dado. En el caso de negativa a tratar tus datos no podremos prestarte nuestro servicio. Recuerda que siempre podr\u00e1s ejercer tus derechos. Tienes m\u00e1s informaci\u00f3n en el ep\u00edgrafe Derechos de esta pol\u00edtica de privacidad.<\/p>\n\n\n\n<p>Tambi\u00e9n podremos tratar tus datos para el cumplimiento de una obligaci\u00f3n legal, as\u00ed como para los casos en que exista un inter\u00e9s leg\u00edtimo.<\/p>\n\n\n\n<p><strong>4. CONSERVACI\u00d3N<\/strong><\/p>\n\n\n\n<p>Conservaremos tus datos mientras los necesitemos para la prestaci\u00f3n de los servicios o hasta que nos solicites tu oposici\u00f3n de conformidad con lo establecido en el apartado \"Derechos\" de esta pol\u00edtica de privacidad.<\/p>\n\n\n\n<p><strong>5. DESTINATARIOS<\/strong><strong><br><\/strong><\/p>\n\n\n\n<p>Tus datos podr\u00e1n ser comunicados a algunos proveedores que nos prestan servicios relacionados con la web y aquellos otros colaboradores en cuyas p\u00e1ginas web o aplicaciones m\u00f3viles alojamos nuestros servicios. La empresa se compromete a firmar un acuerdo con ellos por el que se obligan a cumplir con la normativa europea de privacidad de datos. Dichos proveedores s\u00f3lo pueden utilizar tus datos para proporcionar los servicios correspondientes. Por lo tanto, no pueden utilizar dicha informaci\u00f3n para sus propios fines o cederla a terceros.<\/p>\n\n\n\n<p><strong>6. DERECHOS<\/strong><\/p>\n\n\n\n<p>- <strong>Derecho de acceso<\/strong>: Este derecho te permite conocer qu\u00e9 datos personales tenemos.<\/p>\n\n\n\n<p>- <strong>Derecho de rectificaci\u00f3n<\/strong>: Este derecho te permite solicitar la rectificaci\u00f3n de los datos inexactos<\/p>\n\n\n\n<p>- <strong>Derecho de cancelaci\u00f3n, supresi\u00f3n u olvido:<\/strong> Este derecho te permite la supresi\u00f3n de sus datos cuando no sean necesarios para los fines para los que fueron recogidos.<\/p>\n\n\n\n<p>- <strong>Derecho de oposici\u00f3n<\/strong>: Este derecho te permite oponerte al tratamiento cuando existan motivos fundados para ello relacionados con tu situaci\u00f3n personal o bien oponerte a las acciones de prospecci\u00f3n comercial. Dejaremos de tratar los datos, salvo que el tratamiento obedezca a motivos leg\u00edtimos o el ejercicio o defensa de posibles reclamaciones.<\/p>\n\n\n\n<p>- <strong>Derecho a la portabilidad de los datos<\/strong>: Este derecho te permite solicitar la portabilidad de tus datos a otro responsable del tratamiento. Este derecho te permite recibir tus datos personales facilitados en un formato estructurado, de uso com\u00fan y lectura mec\u00e1nica, y poder transmitirlos a otro responsable, siempre que sea t\u00e9cnicamente posible.<\/p>\n\n\n\n<p>Puedes ejercitar estos derechos envi\u00e1ndonos tu solicitud a trav\u00e9s del correo info@jonstours.com o mediante un correo ordinario a C\/ Jeroni de Monsoriu, 88 - 5\u00ba 10, 46022 Valencia.<\/p>\n\n\n\n<p>En todo caso, puedes acudir a la agencia espa\u00f1ola de protecci\u00f3n de datos si consideras que se han vulnerado las disposiciones vigentes en materia de protecci\u00f3n de datos. En su p\u00e1gina web puedes encontrar informaci\u00f3n adicional y complementaria sobre todos estos derechos: www.agpd.es<\/p>\n\n\n\n<p>El ejercicio de estos derechos es totalmente gratuito.<\/p>\n\n\n\n<p><strong>\u00bfQu\u00e9 debes presentar para el ejercicio de tus derechos?<\/strong><\/p>\n\n\n\n<p>1-Petici\u00f3n dirigida al responsable o al encargado que posea tus datos personales<\/p>\n\n\n\n<p>2- Fotocopia del DNI o pasaporte u otro documento v\u00e1lido que te identifique.<\/p>\n\n\n\n<p>3-Tambi\u00e9n puedes usar la firma electr\u00f3nica en lugar del DNI.<\/p>\n\n\n\n<p>4-Si los ejercitas a trav\u00e9s de un representante, documento o instrumento electr\u00f3nico que acredite la representaci\u00f3n.<\/p>\n\n\n\n<p>5- Petici\u00f3n en que se concreta la solicitud.<\/p>\n\n\n\n<p>6-Direcci\u00f3n a efectos de notificaciones, fecha y t\u00fa firma.<\/p>\n\n\n\n<p>7-Documentos acreditativos de la petici\u00f3n que realices, si fuesen necesarios.<\/p>\n\n\n\n<p>Una vez, una vez recibida la petici\u00f3n analizaremos si se ha aportado toda la informaci\u00f3n necesaria para su tr\u00e1mite as\u00ed como la legitimidad y pertinencia de la petici\u00f3n. En caso que no sea pertinente o que, por el supuesto concreto, no pueda concederse el ejercicio del derecho solicitado lo comunicaremos al interesado a los efectos que pueda interponer las reclamaciones correspondientes.<\/p>\n\n\n\n<p>Responderemos a tu solicitud dentro de los plazos establecidos legalmente, salvo que por problemas que est\u00e9n fuera de nuestro alcance no podamos llevarlo a cabo. En este caso, te informaremos de los motivos y de los plazos previstos de resoluci\u00f3n.<\/p>\n\n\n\n<p>**Esta pol\u00edtica de privacidad puede actualizarse. Te recomendamos que leas esta pol\u00edtica de privacidad con regularidad. En caso de que se realicen cambios significativos, te los notificaremos por separado.<\/p>","protected":false},"excerpt":{"rendered":"<p>En cumplimiento de lo establecido en el Reglamento Europeo de Protecci\u00f3n de Datos (RGPD) 679\/2016, y la introducci\u00f3n de la nueva Ley Org\u00e1nica de Protecci\u00f3n de Datos Personales y la Garant\u00eda de los Derechos Digitales (LOPDGDD) 3\/2018, te informamos que en JON\u2019S TOURS trabajamos cada d\u00eda para ofrecerte las mejores ofertas en viajes y productos [&hellip;]<\/p>\n","protected":false},"author":1,"featured_media":0,"parent":114,"menu_order":0,"comment_status":"closed","ping_status":"closed","template":"","meta":{"footnotes":""},"class_list":["post-408","page","type-page","status-publish","hentry"],"jetpack_sharing_enabled":true,"_links":{"self":[{"href":"https:\/\/jonstours.com\/es\/wp-json\/wp\/v2\/pages\/408","targetHints":{"allow":["GET"]}}],"collection":[{"href":"https:\/\/jonstours.com\/es\/wp-json\/wp\/v2\/pages"}],"about":[{"href":"https:\/\/jonstours.com\/es\/wp-json\/wp\/v2\/types\/page"}],"author":[{"embeddable":true,"href":"https:\/\/jonstours.com\/es\/wp-json\/wp\/v2\/users\/1"}],"replies":[{"embeddable":true,"href":"https:\/\/jonstours.com\/es\/wp-json\/wp\/v2\/comments?post=408"}],"version-history":[{"count":1,"href":"https:\/\/jonstours.com\/es\/wp-json\/wp\/v2\/pages\/408\/revisions"}],"predecessor-version":[{"id":409,"href":"https:\/\/jonstours.com\/es\/wp-json\/wp\/v2\/pages\/408\/revisions\/409"}],"up":[{"embeddable":true,"href":"https:\/\/jonstours.com\/es\/wp-json\/wp\/v2\/pages\/114"}],"wp:attachment":[{"href":"https:\/\/jonstours.com\/es\/wp-json\/wp\/v2\/media?parent=408"}],"curies":[{"name":"wp","href":"https:\/\/api.w.org\/{rel}","templated":true}]}}