{"id":404,"date":"2025-07-20T13:44:29","date_gmt":"2025-07-20T11:44:29","guid":{"rendered":"https:\/\/bcdd.uk\/?page_id=404"},"modified":"2025-07-20T16:10:50","modified_gmt":"2025-07-20T14:10:50","slug":"aviso-legal-para-pagina-web","status":"publish","type":"page","link":"https:\/\/jonstours.com\/es\/es\/aviso-legal-para-pagina-web\/","title":{"rendered":"AVISO LEGAL PARA P\u00c1GINA WEB"},"content":{"rendered":"<p>Para dar cumplimiento con lo establecido en la Ley 34\/2002, de 11 de julio, de Servicios de la Sociedad de la Informaci\u00f3n y de Comercio Electr\u00f3nico, a continuaci\u00f3n, se indican los datos de informaci\u00f3n general de este sitio web:<\/p>\n\n\n\n<p>- Titular: Jon Iveson, en adelante JON'S TOURS<\/p>\n\n\n\n<p>- Direcci\u00f3n: C\/ Jeroni de Monsoriu, n\u00ba 88 - 5\u00ba 10, 46022 Valencia.<\/p>\n\n\n\n<p>- Contacto: info@jonstours.com<\/p>\n\n\n\n<p>- NIF: Y0259436X<\/p>\n\n\n\n<p>Este sitio web, incluyendo el conjunto de p\u00e1ginas web que lo integran, (en adelante \"Sitio Web\") pertenece a JON'S TOURS, a trav\u00e9s del cual los usuarios o clientes del mismo (en adelante \"Usuario\" o \"Usuarios\") pueden acceder a diversa informaci\u00f3n y servicios sobre viajes y turismo.<\/p>\n\n\n\n<p>Todo acceso a este Sitio Web est\u00e1 sujeto a todas y cada una de las presentes Condiciones Generales de Utilizaci\u00f3n del Sitio Web (en adelante, \"Condiciones Generales\"), en la versi\u00f3n publicada y vigente en el mismo momento en que el Usuario acceda al Sitio Web. Por tanto, es obligatorio que el Usuario lea atentamente las Condiciones Generales antes de utilizar el Sitio Web, as\u00ed como las condiciones particulares que, en su caso, complementen modifiquen o sustituyan a las Condiciones Generales en relaci\u00f3n con determinados servicios y contenidos del Sitio Web, dado que las mismas podr\u00edan haber sufrido modificaciones desde la \u00faltima vez que accedi\u00f3 al mismo.<\/p>\n\n\n\n<p>El Usuario declara que es mayor de edad y tiene la capacidad legal para adquirir los servicios ofrecidos a trav\u00e9s del Sitio Web.<\/p>\n\n\n\n<p>Queda prohibido el acceso al Sitio Web a los Usuarios que residan en jurisdicciones en los que su contenido est\u00e9 no autorizado.<\/p>\n\n\n\n<p><strong>1. Contrataci\u00f3n de servicios a trav\u00e9s del sitio web<\/strong><\/p>\n\n\n\n<p>El presente Sitio Web est\u00e1 dirigido al consumidor final, y s\u00f3lo podr\u00e1 utilizarse con el fin de recabar informaci\u00f3n para realizar una compra en el mismo, no permiti\u00e9ndose su utilizaci\u00f3n para otros fines sin el consentimiento expreso y por escrito del titular de este Sitio Web.<\/p>\n\n\n\n<p>Con car\u00e1cter enunciativo, pero no limitativo, no est\u00e1 permitido:<\/p>\n\n\n\n<p>a) Utilizar el Sitio Web contraviniendo la legislaci\u00f3n vigente, la buena fe, los usos generalmente aceptados y el orden p\u00fablico.<\/p>\n\n\n\n<p>b) Utilizar el Sitio Web con fines lesivos contra JON'S TOURS o cualquier tercero, o que, de cualquier forma, puedan causar perjuicio o impedir el normal funcionamiento del Sitio Web.<\/p>\n\n\n\n<p>c) Introducir en la red programas susceptibles de provocar da\u00f1os en los sistemas inform\u00e1ticos de JON'S TOURS, en la empresa que presta los servicios tur\u00edsticos o de viajes (en adelante el \"Prestador del Servicio\"), proveedores o terceros usuarios de la red interna o del Sitio Web.<\/p>\n\n\n\n<p>d) Incluir informaci\u00f3n del Sitio Web en herramientas de b\u00fasqueda comparativas de precios.<\/p>\n\n\n\n<p>e) Acceder al Sitio Web mediante un robot, ara\u00f1a o cualquier herramienta o programa autom\u00e1tico de b\u00fasqueda.<\/p>\n\n\n\n<p>f) La realizaci\u00f3n de b\u00fasquedas masivas en proporci\u00f3n a las compras realizadas en el Sitio Web.<\/p>\n\n\n\n<p>g) Realizar solicitudes o contrataciones especulativas, falsas o fraudulentas.<\/p>\n\n\n\n<p>Sin perjuicio de lo anterior, JON'S TOURS se reserva el derecho a denegar en cualquier momento, sin necesidad de aviso previo y sin derecho a indemnizaci\u00f3n, el acceso al Sitio Web, a aquellos Usuarios que incumplan las presentes Condiciones Generales, o las particulares que en cada caso les sean de aplicaci\u00f3n. Si JON'S TOURS tuviera motivos razonables para considerar que se ha hecho un pedido contraviniendo las presentes Condiciones Generales estar\u00e1 autorizado a anularlo y podr\u00e1 informar a las autoridades pertinentes.<\/p>\n\n\n\n<p>Los Usuarios deben saber que la contrataci\u00f3n de los servicios antes mencionados est\u00e1 regida por las condiciones contractuales espec\u00edficas o particulares, seg\u00fan la legislaci\u00f3n aplicable en cada caso, que sean acordadas por los Usuarios con el Prestador del Servicio de los mismos y JON'S TOURS.<\/p>\n\n\n\n<p>En especial las siguientes condiciones se aplicar\u00e1n con car\u00e1cter general:<\/p>\n\n\n\n<p><strong>2. Navegador y sistema operativo<\/strong><\/p>\n\n\n\n<p>Las pantallas del Sitio Web est\u00e1n optimizadas para su utilizaci\u00f3n con los navegadores Internet Explorer 6 y Firefox 2 (y versiones superiores), Safari, Chrome y Opera bajo entornos Windows, Mac y Linux. JON'S TOURS no se responsabiliza de los resultados ni perjuicios que pudiera ocasionar a los Usuarios por la utilizaci\u00f3n de otros navegadores, versiones distintas, o sistema operativo, distintos para los que ha sido dise\u00f1ado el Sitio Web.<\/p>\n\n\n\n<p>La informaci\u00f3n contenida en el Sitio Web es ofrecida para conveniencia de los Usuarios. JON'S TOURS realiza los m\u00e1ximos esfuerzos para evitar cualquier error en los contenidos que pudieran aparecer en el Sitio Web. Sin embargo, JON'S TOURS no es responsable de la informaci\u00f3n que el Usuario pueda obtener a trav\u00e9s de enlaces a sistemas externos que no sean dependientes de JON'S TOURS.<\/p>\n\n\n\n<p>JON'S TOURS adopta medidas de seguridad razonablemente adecuadas. No obstante, el Usuario debe ser consciente de que las medidas de seguridad de los sistemas inform\u00e1ticos en Internet no son enteramente fiables y que el servicio depende de elementos externos e internos vulnerables.<\/p>\n\n\n\n<p>Adicionalmente, JON'S TOURS efect\u00faa los esfuerzos razonables para mantener el Sitio Web actualizado y en buen estado de funcionamiento. No obstante, JON'S TOURS no se responsabiliza ni garantiza que el acceso al Sitio Web sea infalible, continuo o libre de deficiencias. Ni tampoco puede garantizar que el contenido o software al que el Usuario pueda acceder a trav\u00e9s del Sitio Web est\u00e9 libre de elementos lesivos, virus, interferencias, aver\u00edas, omisiones, desconexiones u otros elementos que puedan producir da\u00f1os y perjuicios al Usuario o alteraciones en los sistemas inform\u00e1ticos de software o hardware del Usuario o en sus documentos electr\u00f3nicos y ficheros.<\/p>\n\n\n\n<p>Asimismo, tampoco JON'S TOURS ser\u00e1 responsable por los da\u00f1os y perjuicios de cualquier naturaleza que se deriven del uso del Sitio Web, incluy\u00e9ndose pero no limit\u00e1ndose, a los ocasionados a los sistemas inform\u00e1ticos o los provocados por un uso inadecuado del Sitio Web, interrupciones o defectos en las telecomunicaciones que pudieran ocurrir en operaciones de naturaleza financiera o an\u00e1logas, o los causados por terceras personas mediante intromisiones ileg\u00edtimas fuera del control de JON'S TOURS.<\/p>\n\n\n\n<p><strong>3. Propiedad intelectual<\/strong><\/p>\n\n\n\n<p>Los derechos de propiedad intelectual del Sitio Web, su c\u00f3digo fuente, dise\u00f1o, estructura de navegaci\u00f3n, software, bases de datos y los distintos elementos en ella contenidos son titularidad de JON'S TOURS, correspondi\u00e9ndole el ejercicio exclusivo de los derechos de explotaci\u00f3n de los mismos en cualquier forma y, en especial, los derechos de reproducci\u00f3n, modificaci\u00f3n, distribuci\u00f3n, comunicaci\u00f3n p\u00fablica, cesi\u00f3n, puesta a disposici\u00f3n y transformaci\u00f3n.<\/p>\n\n\n\n<p>Todas las denominaciones, dise\u00f1os y\/o logotipos que componen este Sitio Web son marcas debidamente registradas. Cualquier uso indebido de las mismas por persona diferente de su leg\u00edtimo titular podr\u00e1 ser perseguido de conformidad con la legislaci\u00f3n vigente.<\/p>\n\n\n\n<p>Los derechos de propiedad intelectual y marcas de terceros deben ser respetados por todo aquel que acceda al Sitio Web, JON'S TOURS reconoce a favor de sus titulares los correspondientes derechos de propiedad industrial e intelectual, no implicando su sola menci\u00f3n o aparici\u00f3n en el Sitio Web la existencia de derechos ni de responsabilidad alguna sobre los mismos, como tampoco respaldo, patrocinio o recomendaci\u00f3n.<\/p>\n\n\n\n<p>A los efectos de preservar los posibles derechos de propiedad intelectual, en el caso de que cualquier Usuario o un tercero considere que se ha producido una violaci\u00f3n de sus leg\u00edtimos derechos por la introducci\u00f3n de un determinado contenido en el Sitio Web, deber\u00e1 notificar dicha circunstancia a JON'S TOURS, indicando:<\/p>\n\n\n\n<p>- Datos personales del interesado.<\/p>\n\n\n\n<p>-Titular de los derechos presuntamente infringidos. En el supuesto de que la reclamaci\u00f3n la presente un tercero distinto del interesado, deber\u00e1 acreditar la representaci\u00f3n con la que act\u00faa.<\/p>\n\n\n\n<p>- Indicaci\u00f3n de los contenidos protegidos por los derechos de propiedad intelectual y su ubicaci\u00f3n en el Sitio Web.<\/p>\n\n\n\n<p>- Acreditaci\u00f3n suficiente de los derechos de propiedad intelectual.<\/p>\n\n\n\n<p>- Declaraci\u00f3n expresa en la que el interesado se responsabiliza de la veracidad de las informaciones facilitadas en la notificaci\u00f3n.<\/p>\n\n\n\n<p><strong>4. Enlaces o \"links\" a otras webs<\/strong><\/p>\n\n\n\n<p>JON'S TOURS, dentro del Sitio Web, puede poner a disposici\u00f3n de los Usuarios conexiones y enlaces a otros sitios web gestionados y controlados por terceros. JON'S TOURS no patrocina o garantiza ninguno de estos sitios Web de terceros, los cuales han sido incluidos por conveniencia para los Usuarios. Por lo tanto, no asume ning\u00fan tipo de responsabilidad, ni siquiera de forma indirecta o subsidiaria, por los da\u00f1os y perjuicios de toda clase que pudieran derivarse del acceso, mantenimiento, uso, calidad, licitud, fiabilidad y utilidad de los contenidos, informaciones, comunicaciones, opiniones, manifestaciones, productos y servicios existentes u ofrecidos en los sitios web no gestionados por JON'S TOURS y que resulten accesibles a trav\u00e9s del Sitio Web.<\/p>\n\n\n\n<p>Los Usuarios aceptan que JON'S TOURS se reserve el derecho de retirar de modo unilateral y en cualquier momento y sin previo aviso las conexiones y enlaces que pudieran aparecer en su Sitio Web.<\/p>\n\n\n\n<p><strong>5. Contenidos facilitados por otros usuarios en el sitio web<\/strong><\/p>\n\n\n\n<p>JON'S TOURS no asume responsabilidad por el contenido o cualquier tipo de transmisiones que los Usuarios incluyan en su Sitio Web as\u00ed como entre Usuarios. La responsabilidad de las manifestaciones difundidas en el Sitio Web es exclusiva de quienes las realizan.<\/p>\n\n\n\n<p>Queda prohibido cualquier tipo de transmisi\u00f3n de datos que los Usuarios realicen en el Sitio Web u otros accesos controlados por JON'S TOURS que infrinjan las pr\u00e1cticas contrarias a la buena fe, a las costumbres, a la moral o al orden p\u00fablico; que infrinjan los derechos de propiedad de terceros, los de contenido amenazante, difamatorio, obsceno, pornogr\u00e1fico, racista, xen\u00f3fobo, indecentes, irreverentes, ilegales; que impliquen una apolog\u00eda del terrorismo; que atenten contra los derechos humanos, o la transmisi\u00f3n de cualquier otro material que constituya o incite a una conducta que pueda ser considerada una infracci\u00f3n penal.<\/p>\n\n\n\n<p>Queda prohibido anunciar u ofrecer en venta cualquier tipo de bienes o servicios, ni llevar a cabo encuestas o concursos, ni enviar mensajes solicitando su reenv\u00edo en cadena.<\/p>\n\n\n\n<p>JON'S TOURS, por norma general, no revisa, ni filtra, ni aprueba el contenido de los Usuarios. No obstante lo anterior, JON'S TOURS se reserva el derecho a retirar cualquier contenido facilitado por el Usuario que sea contrario a las Condiciones Generales, as\u00ed como a impedir o prohibir su acceso al Sitio Web, todo ello a su sola discreci\u00f3n, sin previo aviso y sin que el Usuario tenga derecho a indemnizaci\u00f3n alguna.<\/p>\n\n\n\n<p>Si el Usuario creyera, en alg\u00fan momento, que los contenidos de otro Usuario no cumplen con las Condiciones Generales, puede notificarlo a JON'S TOURS por correo electr\u00f3nico al Centro de Atenci\u00f3n al Cliente. A la recepci\u00f3n de cualquier notificaci\u00f3n de este tipo, JON'S TOURS utilizar\u00e1 sus mejores esfuerzos para eliminar de su Sitio Web aquellos contenidos que pudieran vulnerar las Condiciones Generales.<\/p>\n\n\n\n<p>JON'S TOURS cooperar\u00e1, si es requerida por orden judicial o por las autoridades pertinentes, en la identificaci\u00f3n de las personas responsables de aquellos contenidos que infrinjan la ley.&nbsp;<\/p>\n\n\n\n<p>El Usuario autoriza que las im\u00e1genes o contenidos que facilite en el Sitio Web puedan ser utilizados por JON'S TOURS, en su totalidad o en parte, con car\u00e1cter gratuito. Todo ello con la \u00fanica salvedad y limitaci\u00f3n de aquellas utilizaciones o aplicaciones que pudieran atentar al derecho al honor, a la moral y\/o al orden p\u00fablico, en los t\u00e9rminos previstos en la legislaci\u00f3n vigente en cada pa\u00eds. JON'S TOURS se exime de responsabilidad sobre cualquier uso que pueda hacer un tercero de dichos contenidos.<\/p>\n\n\n\n<p><strong>6. Nulidad parcial<\/strong><\/p>\n\n\n\n<p>Debido a la descentralizaci\u00f3n de la funci\u00f3n legislativa y de control del marco jur\u00eddico que afecta a la actividad que desarrollan las agencias de viajes, es posible que las Condiciones Generales est\u00e9n sujetas a diversas jurisdicciones o normativas. Por ello, en el supuesto de que alguna condici\u00f3n de las Condiciones Generales fuese nula o anulable, la validez del mismo en su conjunto no quedar\u00e1 afectada por dicha circunstancia.<\/p>\n\n\n\n<p>La condici\u00f3n legalmente ineficativa ser\u00e1 sustituida por una nueva, o interpretada de un modo legalmente aceptable, que sea de un tenor lo m\u00e1s aproximado posible a la condici\u00f3n que se habr\u00edan formalizado de haber tenido conocimiento de la ineficacia de la condici\u00f3n en cuesti\u00f3n.<\/p>\n\n\n\n<p><strong>7. Exigibilidad<\/strong><\/p>\n\n\n\n<p>El hecho de que JON'S TOURS no exija en una ocasi\u00f3n el cumplimiento por el Usuario de alguna condici\u00f3n de las Condiciones Generales, no afectar\u00e1 en modo alguno a su derecho a exigir su cumplimiento en una ocasi\u00f3n posterior o al derecho de cualquier otra parte a exigir su cumplimiento.<\/p>\n\n\n\n<p>Cualquier renuncia por JON'S TOURS a cualquiera de los derechos o facultades derivados de las Condiciones Generales deber\u00e1 realizarse por escrito. La omisi\u00f3n por JON'S TOURS a exigir el estricto cumplimiento de cualquier condici\u00f3n no podr\u00e1 ser considerada en ning\u00fan caso como una renuncia, ni privar\u00e1 a JON'S TOURS del derecho a exigir posteriormente el estricto cumplimiento de los mismos.<\/p>\n\n\n\n<p><strong>8. Ley y jurisdicci\u00f3n<\/strong><\/p>\n\n\n\n<p>Las presentes Condiciones Generales se rigen en todos y cada uno de sus extremos por la ley espa\u00f1ola y las partes se someten al fuero de los Juzgados y Tribunales de Valencia capital, para cuantas acciones y reclamaciones pudieran derivarse de la presente relaci\u00f3n, siempre y cuando no se establezca un fuero espec\u00edfico por ley.<\/p>\n\n\n\n<p>JON'S TOURS podr\u00e1 ofrecer la oportunidad de que el Usuario pueda acceder a su Sitio Web en distintos idiomas. No obstante, ante cualquier conflicto o interpretaci\u00f3n contradictoria entre las Condiciones Generales de las distintas versiones, deber\u00e1 prevalecer la versi\u00f3n en lengua espa\u00f1ola sobre el resto.<\/p>\n\n\n\n<p>2025 - JON'S TOURS - Todos los derechos reservados.<\/p>\n\n\n\n<p><\/p>","protected":false},"excerpt":{"rendered":"<p>Para dar cumplimiento con lo establecido en la Ley 34\/2002, de 11 de julio, de Servicios de la Sociedad de la Informaci\u00f3n y de Comercio Electr\u00f3nico, a continuaci\u00f3n, se indican los datos de informaci\u00f3n general de este sitio web: &#8211; Titular: Jon Iveson, en adelante JON\u2019S TOURS &#8211; Direcci\u00f3n: C\/ Jeroni de Monsoriu, n\u00ba 88 [&hellip;]<\/p>\n","protected":false},"author":1,"featured_media":0,"parent":114,"menu_order":0,"comment_status":"closed","ping_status":"closed","template":"","meta":{"footnotes":""},"class_list":["post-404","page","type-page","status-publish","hentry"],"jetpack_sharing_enabled":true,"_links":{"self":[{"href":"https:\/\/jonstours.com\/es\/wp-json\/wp\/v2\/pages\/404","targetHints":{"allow":["GET"]}}],"collection":[{"href":"https:\/\/jonstours.com\/es\/wp-json\/wp\/v2\/pages"}],"about":[{"href":"https:\/\/jonstours.com\/es\/wp-json\/wp\/v2\/types\/page"}],"author":[{"embeddable":true,"href":"https:\/\/jonstours.com\/es\/wp-json\/wp\/v2\/users\/1"}],"replies":[{"embeddable":true,"href":"https:\/\/jonstours.com\/es\/wp-json\/wp\/v2\/comments?post=404"}],"version-history":[{"count":2,"href":"https:\/\/jonstours.com\/es\/wp-json\/wp\/v2\/pages\/404\/revisions"}],"predecessor-version":[{"id":407,"href":"https:\/\/jonstours.com\/es\/wp-json\/wp\/v2\/pages\/404\/revisions\/407"}],"up":[{"embeddable":true,"href":"https:\/\/jonstours.com\/es\/wp-json\/wp\/v2\/pages\/114"}],"wp:attachment":[{"href":"https:\/\/jonstours.com\/es\/wp-json\/wp\/v2\/media?parent=404"}],"curies":[{"name":"wp","href":"https:\/\/api.w.org\/{rel}","templated":true}]}}