{"id":400,"date":"2025-07-20T13:25:45","date_gmt":"2025-07-20T11:25:45","guid":{"rendered":"https:\/\/bcdd.uk\/?page_id=400"},"modified":"2025-07-20T14:51:05","modified_gmt":"2025-07-20T12:51:05","slug":"cookie-policy","status":"publish","type":"page","link":"https:\/\/jonstours.com\/es\/cookie-policy\/","title":{"rendered":"POL\u00cdTICA DE COOKIES"},"content":{"rendered":"<h2 class=\"wp-block-heading\"><strong>\u00bfQU\u00c9 SON LAS COOKIES?<\/strong><\/h2>\n\n\n\n<p>Las cookies son archivos almacenados por los sitios web en el navegador de los usuarios que los visitan. Son necesarias para proporcionar ventajas en la navegaci\u00f3n web y en la prestaci\u00f3n de servicios interactivos.<\/p>\n\n\n\n<h2 class=\"wp-block-heading\"><strong>Posibles tipos de cookies<\/strong><\/h2>\n\n\n\n<p>- Cookies de sesi\u00f3n: Dise\u00f1adas para recoger y almacenar datos mientras el usuario accede a una p\u00e1gina web. No se almacenan en el dispositivo del usuario.<br>- Cookies persistentes: Son aqu\u00e9llas que almacenan datos en el terminal y pueden ser accedidas y tratadas durante un periodo definido por el responsable de la cookie, y que puede ir de unos minutos a varios a\u00f1os.<br><br>Las cookies tambi\u00e9n pueden clasificarse en:<br>- Cookies de origen: Generadas por el sitio web que est\u00e1 visitando.<br>- Cookies de terceros: Recibidas al navegar por el sitio, pero generadas por un servicio de terceros alojado en la p\u00e1gina.<\/p>\n\n\n\n<h2 class=\"wp-block-heading\"><strong>Finalidad de las cookies<\/strong><\/h2>\n\n\n\n<p>- Fines t\u00e9cnicos: Necesarios para que el sitio web funcione correctamente. Tambi\u00e9n denominados \"estrictamente necesarios\".<br>- Personalizaci\u00f3n: Permitir a los usuarios configurar aspectos como el idioma o la configuraci\u00f3n regional.<br>- An\u00e1lisis o rendimiento: Medir las visitas y la navegaci\u00f3n de forma an\u00f3nima para mejorar la funcionalidad del sitio.<br>- Publicidad: Implantar par\u00e1metros de eficiencia en la publicidad de la web.<br>- Publicidad comportamental: Adaptar la publicidad en funci\u00f3n del comportamiento de navegaci\u00f3n del usuario.<\/p>\n\n\n\n<h2 class=\"wp-block-heading\"><strong>Uso de cookies<\/strong><\/h2>\n\n\n\n<p>Tal y como establece el art\u00edculo 22.2 de la LSSI (Ley 34\/2002 de Servicios de la Sociedad de la Informaci\u00f3n y Comercio Electr\u00f3nico), le informamos que utilizamos cookies para facilitarle el uso de nuestra p\u00e1gina web y mejorar el proceso de navegaci\u00f3n.<br><br>Las cookies que utilizamos no almacenan datos personales ni ning\u00fan tipo de informaci\u00f3n que pueda identificarle. Si no desea recibir cookies, por favor configure su navegador de Internet para que las borre de su disco duro, las bloquee o le avise antes de que se instale alguna. Para continuar sin cambiar la configuraci\u00f3n de las cookies, simplemente siga utilizando el sitio web.<\/p>\n\n\n\n<h2 class=\"wp-block-heading\"><strong>Tipos de cookies que utilizamos<\/strong><\/h2>\n\n\n\n<p>- Cookies estrictamente necesarias: Imprescindibles para el correcto funcionamiento de la web. Permiten el acceso a secciones seguras. Sin ellas, muchos servicios no ser\u00edan funcionales.<br>- Cookies de navegaci\u00f3n: Recopilan informaci\u00f3n an\u00f3nima sobre c\u00f3mo los visitantes utilizan el sitio para mejorar el rendimiento. Visitar nuestro sitio significa que acepta su uso.<br>- Cookies funcionales: Recuerdan preferencias (por ejemplo, nombre de usuario, idioma) y personalizan funciones. Tambi\u00e9n pueden servir para servicios como la visualizaci\u00f3n de v\u00eddeos o los comentarios. Los datos son an\u00f3nimos.<\/p>\n\n\n\n<h2 class=\"wp-block-heading\"><strong>C\u00f3mo eliminar las cookies<\/strong><\/h2>\n\n\n\n<p>Si desea eliminar las cookies almacenadas por https:\/\/jonstours.com\/ en su navegador, aqu\u00ed tiene instrucciones para varios navegadores:<br><br>- Internet Explorer: http:\/\/windows.microsoft.com\/es-es\/internet-explorer\/delete-manage-cookies<br>- Google Chrome: https:\/\/support.google.com\/chrome\/answer\/95647<br>- Firefox: http:\/\/support.mozilla.org\/kb\/delete-cookies-remove-info-websites-stored<br>- Safari: http:\/\/support.apple.com\/kb\/ph11920 (en ingl\u00e9s)<br><br>Para Safari:<br>- Vaya a Safari &gt; Preferencias<br>- En la secci\u00f3n \"Privacidad\", haga clic en \"Detalles\".<br>- Seleccione el sitio web que almacena cookies y haga clic en \"Eliminar\" o en \"Eliminar todo\" para eliminar todas las cookies.<\/p>\n\n\n\n<p><\/p>","protected":false},"excerpt":{"rendered":"<p>WHAT ARE COOKIES? Cookies are files stored by websites in the browser of users who visit them. They are necessary to provide advantages in web browsing and in delivering interactive services. Possible Types of Cookies &#8211; Session Cookies: Designed to collect and store data while the user accesses a web page. These are not stored [&hellip;]<\/p>\n","protected":false},"author":1,"featured_media":0,"parent":0,"menu_order":0,"comment_status":"closed","ping_status":"closed","template":"","meta":{"footnotes":""},"class_list":["post-400","page","type-page","status-publish","hentry"],"jetpack_sharing_enabled":true,"_links":{"self":[{"href":"https:\/\/jonstours.com\/es\/wp-json\/wp\/v2\/pages\/400","targetHints":{"allow":["GET"]}}],"collection":[{"href":"https:\/\/jonstours.com\/es\/wp-json\/wp\/v2\/pages"}],"about":[{"href":"https:\/\/jonstours.com\/es\/wp-json\/wp\/v2\/types\/page"}],"author":[{"embeddable":true,"href":"https:\/\/jonstours.com\/es\/wp-json\/wp\/v2\/users\/1"}],"replies":[{"embeddable":true,"href":"https:\/\/jonstours.com\/es\/wp-json\/wp\/v2\/comments?post=400"}],"version-history":[{"count":1,"href":"https:\/\/jonstours.com\/es\/wp-json\/wp\/v2\/pages\/400\/revisions"}],"predecessor-version":[{"id":401,"href":"https:\/\/jonstours.com\/es\/wp-json\/wp\/v2\/pages\/400\/revisions\/401"}],"wp:attachment":[{"href":"https:\/\/jonstours.com\/es\/wp-json\/wp\/v2\/media?parent=400"}],"curies":[{"name":"wp","href":"https:\/\/api.w.org\/{rel}","templated":true}]}}