{"id":393,"date":"2025-07-20T13:15:56","date_gmt":"2025-07-20T11:15:56","guid":{"rendered":"https:\/\/bcdd.uk\/?page_id=393"},"modified":"2025-07-30T16:50:49","modified_gmt":"2025-07-30T14:50:49","slug":"legal-notice-for-website","status":"publish","type":"page","link":"https:\/\/jonstours.com\/es\/legal-notice-for-website\/","title":{"rendered":"AVISO LEGAL"},"content":{"rendered":"<p>Para dar cumplimiento con lo establecido en la Ley 34\/2002, de 11 de julio, de Servicios de la Sociedad de la Informaci\u00f3n y de Comercio Electr\u00f3nico, a continuaci\u00f3n se indican los datos de informaci\u00f3n general de este sitio web:<br><br>- Propietario: Jon Iveson, en adelante JON'S TOURS<br>- Direcci\u00f3n: C\/ Jeroni de Monsoriu, n\u00ba 88 - 5\u00ba 10, 46022 Valencia<br>- Contacto: info@jonstours.com<br>- NIF: Y0259436X<\/p>\n\n\n\n<p>El presente sitio web, incluidas todas las p\u00e1ginas web que comprende (en adelante, el \"Sitio Web\"), pertenece a JON'S TOURS, a trav\u00e9s del cual los usuarios o clientes (en adelante, el \"Usuario\" o los \"Usuarios\") pueden acceder a diversa informaci\u00f3n y servicios relacionados con los viajes y el turismo.<\/p>\n\n\n\n<p>El acceso a este Sitio Web est\u00e1 sujeto a todas y cada una de las presentes Condiciones Generales de Uso del Sitio Web (en adelante, las \"Condiciones Generales\"), en la versi\u00f3n publicada y vigente en el momento en que el Usuario acceda al mismo. Por lo tanto, es obligatorio que el Usuario lea atentamente las presentes Condiciones Generales antes de utilizar el Sitio Web, as\u00ed como las condiciones particulares que, en su caso, las complementen, modifiquen o sustituyan en relaci\u00f3n con determinados servicios y contenidos, ya que \u00e9stas pueden haber variado desde el \u00faltimo acceso.<\/p>\n\n\n\n<p>El Usuario declara ser mayor de edad y tener capacidad legal para contratar los servicios ofrecidos a trav\u00e9s del Sitio Web.<\/p>\n\n\n\n<p>El acceso al Sitio Web est\u00e1 prohibido a los Usuarios que residan en jurisdicciones en las que su contenido no est\u00e9 autorizado.<\/p>\n\n\n\n<h2 class=\"wp-block-heading\"><strong>1. Contrataci\u00f3n de servicios a trav\u00e9s del sitio web<\/strong><\/h2>\n\n\n\n<p>Este sitio web est\u00e1 destinado a consumidores finales y s\u00f3lo puede utilizarse para recabar informaci\u00f3n y realizar compras. No se permite su uso para otros fines sin el consentimiento expreso por escrito del propietario.<br><br>Algunos ejemplos de usos prohibidos son, entre otros:<br><br>a) Utilizar el Sitio Web contraviniendo la legislaci\u00f3n vigente, la buena fe, los usos generalmente aceptados y el orden p\u00fablico.<br>b) Utilizar el Sitio Web para perjudicar a JON'S TOURS o a terceros, o de manera que pueda impedir su normal funcionamiento.<br>c) Cargar programas que puedan da\u00f1ar los sistemas de JON'S TOURS, del proveedor de servicios o de terceros usuarios.<br>d) Incluir informaci\u00f3n del Sitio web en herramientas de b\u00fasqueda de comparaci\u00f3n de precios.<br>e) Acceder al Sitio Web a trav\u00e9s de herramientas automatizadas como robots o ara\u00f1as.<br>f) Realizar registros excesivos no relacionados con compras reales.<br>g) Realizar reservas especulativas, falsas o fraudulentas.<\/p>\n\n\n\n<p>JON'S TOURS se reserva el derecho a denegar el acceso a cualquier Usuario que incumpla estas Condiciones Generales o las espec\u00edficas aplicables, en cualquier momento, sin previo aviso ni indemnizaci\u00f3n. Los pedidos realizados en violaci\u00f3n de los t\u00e9rminos podr\u00e1n ser cancelados y denunciados a las autoridades.<\/p>\n\n\n\n<p>Los contratos de servicios est\u00e1n sujetos a condiciones contractuales espec\u00edficas entre los Usuarios, el Proveedor de Servicios y JON'S TOURS, de conformidad con la legislaci\u00f3n aplicable.<\/p>\n\n\n\n<h2 class=\"wp-block-heading\"><strong>2. Navegador y sistema operativo<\/strong><\/h2>\n\n\n\n<p>Este sitio web est\u00e1 optimizado para Internet Explorer 6 y Firefox 2 (y posteriores), Safari, Chrome y Opera en Windows, Mac y Linux. JON'S TOURS no se hace responsable de los resultados obtenidos con otros navegadores o sistemas.<br><br>Aunque se realizan esfuerzos para garantizar la exactitud del contenido, JON'S TOURS no se hace responsable de los enlaces externos ni de los sistemas de terceros.<br><br>Se aplican medidas de seguridad, pero \u00e9stas pueden no ser infalibles. JON'S TOURS tampoco puede garantizar un acceso ininterrumpido o sin errores, ni contenidos libres de virus. La empresa no se hace responsable de los da\u00f1os relacionados con fallos del sistema, uso indebido o intrusiones de terceros.<\/p>\n\n\n\n<h2 class=\"wp-block-heading\"><strong>3. 3. Propiedad intelectual<\/strong><\/h2>\n\n\n\n<p>Todos los derechos de propiedad intelectual sobre el Sitio Web -incluido su c\u00f3digo, dise\u00f1o, software, bases de datos y elementos- pertenecen a JON'S TOURS. Ello incluye los derechos de reproducci\u00f3n, modificaci\u00f3n, distribuci\u00f3n, comunicaci\u00f3n p\u00fablica y transformaci\u00f3n.<br><br>Los logotipos y nombres que aparecen en el sitio web son marcas registradas. El uso no autorizado puede ser perseguido. Tambi\u00e9n debe respetarse la propiedad intelectual de terceros.<br><br>Si un Usuario o un tercero considera que sus derechos han sido vulnerados, deber\u00e1 notificarlo a JON'S TOURS con:<br>- Datos personales y, en su caso, prueba de representaci\u00f3n<br>- Identificaci\u00f3n del contenido y su ubicaci\u00f3n en el sitio web<br>- Prueba de los derechos de propiedad intelectual<br>- Una declaraci\u00f3n de veracidad de la informaci\u00f3n<\/p>\n\n\n\n<h2 class=\"wp-block-heading\"><strong>4. Enlaces a otros sitios web<\/strong><\/h2>\n\n\n\n<p>JON'S TOURS puede proporcionar enlaces a sitios de terceros para comodidad del Usuario. No los patrocina ni garantiza y no es responsable de su contenido, legalidad o servicios.<br><br>JON'S TOURS se reserva el derecho a eliminar dichos enlaces en cualquier momento y sin previo aviso.<\/p>\n\n\n\n<h2 class=\"wp-block-heading\"><strong>5. Contenidos proporcionados por los usuarios<\/strong><\/h2>\n\n\n\n<p>JON'S TOURS no se hace responsable de los contenidos o comunicaciones publicados por los Usuarios. Los usuarios son los \u00fanicos responsables de sus declaraciones.<br><br>Lo siguiente est\u00e1 prohibido:<br>- Publicar contenidos nocivos, ofensivos, ilegales o difamatorios<br>- Transmitir amenazas, obscenidades, material racista o apolog\u00eda del terrorismo<br>- Publicidad o realizaci\u00f3n de ventas no autorizadas, encuestas o mensajes en cadena.<br><br>Aunque el contenido no se revisa rutinariamente, JON'S TOURS puede eliminar el contenido que viole las Condiciones Generales, y denegar el acceso sin previo aviso ni compensaci\u00f3n.<br><br>Los usuarios podr\u00e1n denunciar las infracciones a trav\u00e9s del correo electr\u00f3nico de Atenci\u00f3n al Cliente. JON'S TOURS actuar\u00e1 diligentemente en respuesta.<br><br>Al publicar contenidos, los Usuarios autorizan su libre uso por parte de JON'S TOURS, salvo cuando dicho uso atente contra el honor, la moral o el orden p\u00fablico.<\/p>\n\n\n\n<h2 class=\"wp-block-heading\"><strong>6. Nulidad parcial<\/strong><\/h2>\n\n\n\n<p>Si alguna disposici\u00f3n de estas Condiciones Generales se considera inv\u00e1lida, el resto seguir\u00e1 siendo efectivo. El t\u00e9rmino inv\u00e1lido ser\u00e1 sustituido o interpretado legalmente y lo m\u00e1s cerca posible de la intenci\u00f3n original.<\/p>\n\n\n\n<h2 class=\"wp-block-heading\"><strong>7. Exigibilidad<\/strong><\/h2>\n\n\n\n<p>El hecho de que JON'S TOURS no haga cumplir una cl\u00e1usula no implica que renuncie a su derecho a hacerlo posteriormente. Las renuncias deben hacerse por escrito.<\/p>\n\n\n\n<h2 class=\"wp-block-heading\"><strong>8. Ley aplicable y jurisdicci\u00f3n<\/strong><\/h2>\n\n\n\n<p>Las presentes Condiciones Generales se rigen por la legislaci\u00f3n espa\u00f1ola. Cualquier controversia se someter\u00e1 a los tribunales de Valencia, salvo que la ley disponga lo contrario.<br><br>JON'S TOURS puede proporcionar traducciones de estos t\u00e9rminos. En caso de discrepancias, prevalecer\u00e1 la versi\u00f3n espa\u00f1ola.<\/p>\n\n\n\n<p>2025 - JON'S TOURS - Todos los derechos reservados.<\/p>","protected":false},"excerpt":{"rendered":"<p>In compliance with the provisions of Law 34\/2002 of July 11, on Services of the Information Society and Electronic Commerce, the following general information about this website is provided: &#8211; Owner: Jon Iveson, hereinafter JON\u2019S TOURS&#8211; Address: C\/ Jeroni de Monsoriu, n\u00ba 88 \u2013 5\u00ba 10, 46022 Valencia&#8211; Contact: info@jonstours.com&#8211; NIF: Y0259436X This website, including [&hellip;]<\/p>\n","protected":false},"author":1,"featured_media":0,"parent":0,"menu_order":0,"comment_status":"closed","ping_status":"closed","template":"","meta":{"footnotes":""},"class_list":["post-393","page","type-page","status-publish","hentry"],"jetpack_sharing_enabled":true,"_links":{"self":[{"href":"https:\/\/jonstours.com\/es\/wp-json\/wp\/v2\/pages\/393","targetHints":{"allow":["GET"]}}],"collection":[{"href":"https:\/\/jonstours.com\/es\/wp-json\/wp\/v2\/pages"}],"about":[{"href":"https:\/\/jonstours.com\/es\/wp-json\/wp\/v2\/types\/page"}],"author":[{"embeddable":true,"href":"https:\/\/jonstours.com\/es\/wp-json\/wp\/v2\/users\/1"}],"replies":[{"embeddable":true,"href":"https:\/\/jonstours.com\/es\/wp-json\/wp\/v2\/comments?post=393"}],"version-history":[{"count":2,"href":"https:\/\/jonstours.com\/es\/wp-json\/wp\/v2\/pages\/393\/revisions"}],"predecessor-version":[{"id":952,"href":"https:\/\/jonstours.com\/es\/wp-json\/wp\/v2\/pages\/393\/revisions\/952"}],"wp:attachment":[{"href":"https:\/\/jonstours.com\/es\/wp-json\/wp\/v2\/media?parent=393"}],"curies":[{"name":"wp","href":"https:\/\/api.w.org\/{rel}","templated":true}]}}