{"id":148,"date":"2025-07-15T14:13:34","date_gmt":"2025-07-15T12:13:34","guid":{"rendered":"https:\/\/bcdd.uk\/?page_id=148"},"modified":"2026-03-07T16:42:58","modified_gmt":"2026-03-07T15:42:58","slug":"guided-tours-in-valencia","status":"publish","type":"page","link":"https:\/\/jonstours.com\/es\/guided-tours-in-valencia\/","title":{"rendered":"Jon&#8217;s Tours Blog"},"content":{"rendered":"\t\t<div data-elementor-type=\"wp-page\" data-elementor-id=\"148\" class=\"elementor elementor-148\" data-elementor-post-type=\"page\">\n\t\t\t\t<div class=\"elementor-element elementor-element-28d8f99 elementor-hidden-desktop elementor-hidden-tablet elementor-hidden-mobile e-flex e-con-boxed e-con e-parent\" data-id=\"28d8f99\" data-element_type=\"container\" data-e-type=\"container\" data-settings=\",{&quot;id&quot;:1803,&quot;url&quot;:&quot;https:\\\/\\\/jonstours.com\\\/wp-content\\\/uploads\\\/2026\\\/01\\\/20251028_121129-scaled.jpg&quot;},{&quot;id&quot;:1757,&quot;url&quot;:&quot;https:\\\/\\\/jonstours.com\\\/wp-content\\\/uploads\\\/2026\\\/01\\\/sausage-3386357_1280.jpg&quot;}],&quot;background_slideshow_loop&quot;:&quot;yes&quot;,&quot;background_slideshow_slide_duration&quot;:5000,&quot;background_slideshow_slide_transition&quot;:&quot;fade&quot;,&quot;background_slideshow_transition_duration&quot;:500}\">\n\t\t\t\t\t<div class=\"e-con-inner\">\n\t\t\t\t\t<\/div>\n\t\t\t\t<\/div>\n\t\t<div class=\"elementor-element elementor-element-d75869e e-flex e-con-boxed e-con e-parent\" data-id=\"d75869e\" data-element_type=\"container\" data-e-type=\"container\" data-settings=\"{&quot;background_background&quot;:&quot;slideshow&quot;,&quot;background_slideshow_gallery&quot;:[{&quot;id&quot;:1126,&quot;url&quot;:&quot;https:\\\/\\\/jonstours.com\\\/wp-content\\\/uploads\\\/2025\\\/08\\\/Jon-on-tour4.png&quot;},{&quot;id&quot;:126,&quot;url&quot;:&quot;https:\\\/\\\/jonstours.com\\\/wp-content\\\/uploads\\\/2025\\\/07\\\/Sugunto-from-Jons-Tours-scaled.jpg&quot;},{&quot;id&quot;:134,&quot;url&quot;:&quot;https:\\\/\\\/jonstours.com\\\/wp-content\\\/uploads\\\/2025\\\/07\\\/20250619_121921-scaled.jpg&quot;},{&quot;id&quot;:133,&quot;url&quot;:&quot;https:\\\/\\\/jonstours.com\\\/wp-content\\\/uploads\\\/2025\\\/07\\\/20250619_122220-scaled.jpg&quot;}],&quot;background_slideshow_transition_duration&quot;:3000,&quot;background_slideshow_ken_burns&quot;:&quot;yes&quot;,&quot;background_slideshow_loop&quot;:&quot;yes&quot;,&quot;background_slideshow_slide_duration&quot;:5000,&quot;background_slideshow_slide_transition&quot;:&quot;fade&quot;,&quot;background_slideshow_ken_burns_zoom_direction&quot;:&quot;in&quot;}\">\n\t\t\t\t\t<div class=\"e-con-inner\">\n\t\t\t\t<div class=\"elementor-element elementor-element-174ccb5 elementor-widget elementor-widget-heading\" data-id=\"174ccb5\" data-element_type=\"widget\" data-e-type=\"widget\" data-widget_type=\"heading.default\">\n\t\t\t\t\t<h1 class=\"elementor-heading-title elementor-size-default\">Explore Beyond Valencia<\/h1>\t\t\t\t<\/div>\n\t\t\t\t<div class=\"elementor-element elementor-element-ef08789 elementor-widget elementor-widget-heading\" data-id=\"ef08789\" data-element_type=\"widget\" data-e-type=\"widget\" data-no-translation=\"\" data-widget_type=\"heading.default\">\n\t\t\t\t\t<style>.elementor-element-ef08789{display:none !important}<\/style>\t\t\t\t<\/div>\n\t\t\t\t<div class=\"elementor-element elementor-element-9a54d11 elementor-widget elementor-widget-heading\" data-id=\"9a54d11\" data-element_type=\"widget\" data-e-type=\"widget\" data-no-translation=\"\" data-widget_type=\"heading.default\">\n\t\t\t\t\t<style>.elementor-element-9a54d11{display:none !important}<\/style>\t\t\t\t<\/div>\n\t\t\t\t<div class=\"elementor-element elementor-element-c508dbf elementor-widget elementor-widget-heading\" data-id=\"c508dbf\" data-element_type=\"widget\" data-e-type=\"widget\" data-no-translation=\"\" data-widget_type=\"heading.default\">\n\t\t\t\t\t<div class=\"elementor-heading-title elementor-size-default\">Explora M\u00e1s All\u00e1 de Valencia: Excursiones F\u00e1ciles en Transporte P\u00fablico Valencia es una ciudad vibrante y llena de vida, con mucho que ver y hacer \u2014 pero a pocos kil\u00f3metros se encuentran otros lugares incre\u00edbles, muchos de ellos con un aire detenido en el tiempo. Aunque estaremos encantados de llevarte personalmente, algunos de estos destinos son sorprendentemente f\u00e1ciles de visitar por tu cuenta en transporte p\u00fablico.\n<br><br>\nEn este blog te presentamos algunos de nuestros rincones favoritos fuera de la ciudad: c\u00f3mo llegar, qu\u00e9 ver y por qu\u00e9 merece la pena descubrirlos.<\/div>\t\t\t\t<\/div>\n\t\t\t\t<div class=\"elementor-element elementor-element-73eb4f9 elementor-align-center elementor-widget elementor-widget-button\" data-id=\"73eb4f9\" data-element_type=\"widget\" data-e-type=\"widget\" data-widget_type=\"button.default\">\n\t\t\t\t\t\t\t\t\t\t<a class=\"elementor-button elementor-button-link elementor-size-sm\" href=\"\/all-events\/\">\n\t\t\t\t\t\t<span class=\"elementor-button-content-wrapper\">\n\t\t\t\t\t\t\t\t\t<span class=\"elementor-button-text\">View Our Tours<\/span>\n\t\t\t\t\t<\/span>\n\t\t\t\t\t<\/a>\n\t\t\t\t\t\t\t\t<\/div>\n\t\t\t\t\t<\/div>\n\t\t\t\t<\/div>\n\t\t<div class=\"elementor-element elementor-element-d160f93 e-flex e-con-boxed e-con e-parent\" data-id=\"d160f93\" data-element_type=\"container\" data-e-type=\"container\">\n\t\t\t\t\t<div class=\"e-con-inner\">\n\t\t\t\t<div class=\"elementor-element elementor-element-3ee5db2 elementor-widget elementor-widget-heading\" data-id=\"3ee5db2\" data-element_type=\"widget\" data-e-type=\"widget\" data-widget_type=\"heading.default\">\n\t\t\t\t\t<h2 class=\"elementor-heading-title elementor-size-default\">Jon's Tour blog<\/h2>\t\t\t\t<\/div>\n\t\t\t\t<div class=\"elementor-element elementor-element-595fcd3 elementor-grid-3 elementor-grid-tablet-2 elementor-grid-mobile-1 elementor-posts--thumbnail-top elementor-card-shadow-yes elementor-posts__hover-gradient elementor-widget elementor-widget-posts\" data-id=\"595fcd3\" data-element_type=\"widget\" data-e-type=\"widget\" data-settings=\"{&quot;cards_columns&quot;:&quot;3&quot;,&quot;cards_columns_tablet&quot;:&quot;2&quot;,&quot;cards_columns_mobile&quot;:&quot;1&quot;,&quot;cards_row_gap&quot;:{&quot;unit&quot;:&quot;px&quot;,&quot;size&quot;:35,&quot;sizes&quot;:[]},&quot;cards_row_gap_tablet&quot;:{&quot;unit&quot;:&quot;px&quot;,&quot;size&quot;:&quot;&quot;,&quot;sizes&quot;:[]},&quot;cards_row_gap_mobile&quot;:{&quot;unit&quot;:&quot;px&quot;,&quot;size&quot;:&quot;&quot;,&quot;sizes&quot;:[]}}\" data-no-translation=\"\" data-widget_type=\"posts.cards\">\n\t\t\t\t<div class=\"elementor-widget-container\">\n\t\t\t\t\t<style>.elementor-element-595fcd3{display:none !important}<\/style>\t\t\t\t<\/div>\n\t\t\t\t<\/div>\n\t\t\t\t<div class=\"elementor-element elementor-element-49b72e2 elementor-grid-3 elementor-grid-tablet-2 elementor-grid-mobile-1 elementor-posts--thumbnail-top elementor-card-shadow-yes elementor-posts__hover-gradient elementor-widget elementor-widget-posts\" data-id=\"49b72e2\" data-element_type=\"widget\" data-e-type=\"widget\" data-settings=\"{&quot;cards_columns&quot;:&quot;3&quot;,&quot;cards_columns_tablet&quot;:&quot;2&quot;,&quot;cards_columns_mobile&quot;:&quot;1&quot;,&quot;cards_row_gap&quot;:{&quot;unit&quot;:&quot;px&quot;,&quot;size&quot;:35,&quot;sizes&quot;:[]},&quot;cards_row_gap_tablet&quot;:{&quot;unit&quot;:&quot;px&quot;,&quot;size&quot;:&quot;&quot;,&quot;sizes&quot;:[]},&quot;cards_row_gap_mobile&quot;:{&quot;unit&quot;:&quot;px&quot;,&quot;size&quot;:&quot;&quot;,&quot;sizes&quot;:[]}}\" data-no-translation=\"\" data-widget_type=\"posts.cards\">\n\t\t\t\t<div class=\"elementor-widget-container\">\n\t\t\t\t\t\t\t<div class=\"elementor-posts-container elementor-posts elementor-posts--skin-cards elementor-grid\" role=\"list\">\n\t\t\t\t<article class=\"elementor-post elementor-grid-item post-1134 post type-post status-publish format-standard has-post-thumbnail hentry category-es-es\" role=\"listitem\">\n\t\t\t<div class=\"elementor-post__card\">\n\t\t\t\t<a class=\"elementor-post__thumbnail__link\" href=\"https:\/\/jonstours.com\/es\/bienvenido-a-jons-tours-descubre-una-espana-diferente\/\" tabindex=\"-1\"><div class=\"elementor-post__thumbnail\"><img fetchpriority=\"high\" decoding=\"async\" width=\"300\" height=\"219\" src=\"https:\/\/jonstours.com\/wp-content\/uploads\/2025\/08\/Jon-on-tour4-300x219.png\" class=\"attachment-medium size-medium wp-image-1126\" alt=\"\" srcset=\"https:\/\/jonstours.com\/wp-content\/uploads\/2025\/08\/Jon-on-tour4-300x219.png 300w, https:\/\/jonstours.com\/wp-content\/uploads\/2025\/08\/Jon-on-tour4-768x562.png 768w, https:\/\/jonstours.com\/wp-content\/uploads\/2025\/08\/Jon-on-tour4-1536x1124.png 1536w, https:\/\/jonstours.com\/wp-content\/uploads\/2025\/08\/Jon-on-tour4-16x12.png 16w, https:\/\/jonstours.com\/wp-content\/uploads\/2025\/08\/Jon-on-tour4-600x439.png 600w, https:\/\/jonstours.com\/wp-content\/uploads\/2025\/08\/Jon-on-tour4.png 1580w\" sizes=\"(max-width: 300px) 100vw, 300px\" \/><\/div><\/a>\n\t\t\t\t<div class=\"elementor-post__text\">\n\t\t\t\t<h3 class=\"elementor-post__title\">\n\t\t\t<a href=\"https:\/\/jonstours.com\/es\/bienvenido-a-jons-tours-descubre-una-espana-diferente\/\">\n\t\t\t\tBienvenido a Jon\u2019s Tours: Descubre una Espa\u00f1a diferente\t\t\t<\/a>\n\t\t<\/h3>\n\t\t\t\t<div class=\"elementor-post__excerpt\">\n\t\t\t<p>\u00a1Hola y bienvenido a Jon\u2019s Tours! Soy Jon: el fundador, conductor, organizador, gu\u00eda y, b\u00e1sicamente, la persona detr\u00e1s de todo esto. Originalmente soy del Reino Unido, pero he pasado los<\/p>\n\t\t<\/div>\n\t\t\t\t<\/div>\n\t\t\t\t<div class=\"elementor-post__meta-data\">\n\t\t\t\t\t<span class=\"elementor-post-author\">\n\t\t\tadmin\t\t<\/span>\n\t\t\t\t<span class=\"elementor-post-date\">\n\t\t\tagosto 1, 2025\t\t<\/span>\n\t\t\t\t<\/div>\n\t\t\t\t\t<\/div>\n\t\t<\/article>\n\t\t\t\t<article class=\"elementor-post elementor-grid-item post-142 post type-post status-publish format-standard has-post-thumbnail hentry category-excursiones-de-un-dia-es\" role=\"listitem\">\n\t\t\t<div class=\"elementor-post__card\">\n\t\t\t\t<a class=\"elementor-post__thumbnail__link\" href=\"https:\/\/jonstours.com\/es\/excursion-desde-valencia-sagunto\/\" tabindex=\"-1\"><div class=\"elementor-post__thumbnail\"><img decoding=\"async\" width=\"300\" height=\"225\" src=\"https:\/\/jonstours.com\/wp-content\/uploads\/2025\/07\/Sugunto-from-Jons-Tours-300x225.jpg\" class=\"attachment-medium size-medium wp-image-126\" alt=\"\" srcset=\"https:\/\/jonstours.com\/wp-content\/uploads\/2025\/07\/Sugunto-from-Jons-Tours-300x225.jpg 300w, https:\/\/jonstours.com\/wp-content\/uploads\/2025\/07\/Sugunto-from-Jons-Tours-1024x768.jpg 1024w, https:\/\/jonstours.com\/wp-content\/uploads\/2025\/07\/Sugunto-from-Jons-Tours-768x576.jpg 768w, https:\/\/jonstours.com\/wp-content\/uploads\/2025\/07\/Sugunto-from-Jons-Tours-1536x1152.jpg 1536w, https:\/\/jonstours.com\/wp-content\/uploads\/2025\/07\/Sugunto-from-Jons-Tours-2048x1536.jpg 2048w\" sizes=\"(max-width: 300px) 100vw, 300px\" \/><\/div><\/a>\n\t\t\t\t<div class=\"elementor-post__text\">\n\t\t\t\t<h3 class=\"elementor-post__title\">\n\t\t\t<a href=\"https:\/\/jonstours.com\/es\/excursion-desde-valencia-sagunto\/\">\n\t\t\t\tExcursi\u00f3n desde Valencia: Sagunto\t\t\t<\/a>\n\t\t<\/h3>\n\t\t\t\t<div class=\"elementor-post__excerpt\">\n\t\t\t<p>Excursi\u00f3n f\u00e1cil desde Valencia: Descubre la hist\u00f3rica Sagunto en tren Si est\u00e1s buscando una excursi\u00f3n de un d\u00eda desde Valencia, Sagunto es una excelente opci\u00f3n. Esta localidad hist\u00f3rica, situada a<\/p>\n\t\t<\/div>\n\t\t\t\t<\/div>\n\t\t\t\t<div class=\"elementor-post__meta-data\">\n\t\t\t\t\t<span class=\"elementor-post-author\">\n\t\t\tadmin\t\t<\/span>\n\t\t\t\t<span class=\"elementor-post-date\">\n\t\t\tjulio 15, 2025\t\t<\/span>\n\t\t\t\t<\/div>\n\t\t\t\t\t<\/div>\n\t\t<\/article>\n\t\t\t\t<\/div>\n\t\t\n\t\t\t\t\t\t<\/div>\n\t\t\t\t<\/div>\n\t\t\t\t\t<\/div>\n\t\t\t\t<\/div>\n\t\t\t\t<\/div>\n\t\t","protected":false},"excerpt":{"rendered":"<p>Explore Beyond Valencia Easy Day Trips by Public Transport Valencia is a vibrant, exciting city with plenty to see and do, but just beyond its borders lie some equally incredible places, many of which feel like they&#8217;ve been frozen in time. While we\u2019d love to take you there ourselves, some of these destinations are surprisingly [&hellip;]<\/p>\n","protected":false},"author":1,"featured_media":0,"parent":0,"menu_order":0,"comment_status":"closed","ping_status":"closed","template":"","meta":{"footnotes":""},"class_list":["post-148","page","type-page","status-publish","hentry"],"jetpack_sharing_enabled":true,"_links":{"self":[{"href":"https:\/\/jonstours.com\/es\/wp-json\/wp\/v2\/pages\/148","targetHints":{"allow":["GET"]}}],"collection":[{"href":"https:\/\/jonstours.com\/es\/wp-json\/wp\/v2\/pages"}],"about":[{"href":"https:\/\/jonstours.com\/es\/wp-json\/wp\/v2\/types\/page"}],"author":[{"embeddable":true,"href":"https:\/\/jonstours.com\/es\/wp-json\/wp\/v2\/users\/1"}],"replies":[{"embeddable":true,"href":"https:\/\/jonstours.com\/es\/wp-json\/wp\/v2\/comments?post=148"}],"version-history":[{"count":70,"href":"https:\/\/jonstours.com\/es\/wp-json\/wp\/v2\/pages\/148\/revisions"}],"predecessor-version":[{"id":1927,"href":"https:\/\/jonstours.com\/es\/wp-json\/wp\/v2\/pages\/148\/revisions\/1927"}],"wp:attachment":[{"href":"https:\/\/jonstours.com\/es\/wp-json\/wp\/v2\/media?parent=148"}],"curies":[{"name":"wp","href":"https:\/\/api.w.org\/{rel}","templated":true}]}}